{"id":75706,"date":"2025-07-28T22:17:06","date_gmt":"2025-07-29T01:17:06","guid":{"rendered":"https:\/\/eagle-creativeagency.com\/?page_id=75706"},"modified":"2025-08-22T17:29:27","modified_gmt":"2025-08-22T20:29:27","slug":"terminos-y-condiciones","status":"publish","type":"page","link":"https:\/\/eagle-creativeagency.com\/en\/terminos-y-condiciones\/","title":{"rendered":"T\u00e9rminos y condiciones"},"content":{"rendered":"<div data-elementor-type=\"wp-post\" data-elementor-id=\"75706\" class=\"elementor elementor-75706\">\n\t\t\t\t<div class=\"elementor-element elementor-element-9e34934 e-flex e-con-boxed elementor-invisible e-con e-parent\" data-id=\"9e34934\" data-element_type=\"container\" data-e-type=\"container\" data-settings=\"{&quot;background_background&quot;:&quot;classic&quot;,&quot;animation&quot;:&quot;fadeIn&quot;}\">\n\t\t\t\t\t<div class=\"e-con-inner\">\n\t\t<div class=\"elementor-element elementor-element-77140b5 e-con-full e-flex e-con e-child\" data-id=\"77140b5\" data-element_type=\"container\" data-e-type=\"container\">\n\t\t\t\t<div class=\"elementor-element elementor-element-5c922f6 elementor-widget elementor-widget-heading\" data-id=\"5c922f6\" data-element_type=\"widget\" data-e-type=\"widget\" data-widget_type=\"heading.default\">\n\t\t\t\t<div class=\"elementor-widget-container\">\n\t\t\t\t\t<h1 class=\"elementor-heading-title elementor-size-default\">T\u00e9rminos y condiciones<\/h1>\t\t\t\t<\/div>\n\t\t\t\t<\/div>\n\t\t\t\t<\/div>\n\t\t\t\t\t<\/div>\n\t\t\t\t<\/div>\n\t\t<div class=\"elementor-element elementor-element-37dd287 e-flex e-con-boxed e-con e-parent\" data-id=\"37dd287\" data-element_type=\"container\" data-e-type=\"container\" data-settings=\"{&quot;background_background&quot;:&quot;classic&quot;}\">\n\t\t\t\t\t<div class=\"e-con-inner\">\n\t\t<div class=\"elementor-element elementor-element-bcd65e2 e-con-full e-flex e-con e-child\" data-id=\"bcd65e2\" data-element_type=\"container\" data-e-type=\"container\">\n\t\t<div class=\"elementor-element elementor-element-8e1af41 e-con-full e-flex e-con e-child\" data-id=\"8e1af41\" data-element_type=\"container\" data-e-type=\"container\" data-settings=\"{&quot;background_background&quot;:&quot;classic&quot;}\">\n\t\t\t\t<div class=\"elementor-element elementor-element-d0d3a09 elementor-widget elementor-widget-hfe-infocard\" data-id=\"d0d3a09\" data-element_type=\"widget\" data-e-type=\"widget\" data-widget_type=\"hfe-infocard.default\">\n\t\t\t\t<div class=\"elementor-widget-container\">\n\t\t\t\t\t\n\t\t<div class=\"hfe-infocard\">\n\t\t\t\t\t\t\t\t\t<div class=\"hfe-infocard-text-wrap\">\n\t\t\t\t<div class=\"hfe-infocard-text elementor-inline-editing\" data-elementor-setting-key=\"infocard_description\" data-elementor-inline-editing-toolbar=\"advanced\">\n\t\t\t\t\tBienvenido a Eagle Creative Agency. Si contin\u00faa navegando y utilizando este sitio web, acepta cumplir y estar sujeto a los siguientes t\u00e9rminos y condiciones de uso, que, junto con nuestra pol\u00edtica de privacidad, rigen la relaci\u00f3n de Eagle Creative Agency con usted en relaci\u00f3n con este sitio web.\n<br \/>\n<br \/>\nEl t\u00e9rmino Eagle Creative Agency, \"nosotros\" o \"nos\" se refiere al propietario del sitio web. El t\u00e9rmino \"usted\" se refiere al usuario o visitante de nuestro sitio web. El uso de este sitio web est\u00e1 sujeto a las siguientes condiciones de uso:\n<br \/>\n<br \/>\nEl contenido de las p\u00e1ginas de este sitio web es \u00fanicamente para su informaci\u00f3n y uso general. Est\u00e1 sujeto a cambios sin previo aviso.\n<br \/>\n<br \/>\nNi nosotros ni terceros ofrecemos garant\u00eda alguna en cuanto a la exactitud, puntualidad, rendimiento, integridad o idoneidad de la informaci\u00f3n y los materiales que se encuentran u ofrecen en este sitio web para un prop\u00f3sito particular. Usted reconoce que dicha informaci\u00f3n y materiales pueden contener inexactitudes o errores, y excluimos expresamente la responsabilidad por dichas inexactitudes o errores en la m\u00e1xima medida permitida por la ley. El uso que usted haga de cualquier informaci\u00f3n o material de este sitio web es bajo su propio riesgo, por lo que no nos responsabilizamos. Ser\u00e1 su responsabilidad asegurarse de que cualquier producto, servicio o informaci\u00f3n disponible a trav\u00e9s de este sitio web satisfaga sus necesidades espec\u00edficas.\n<br \/>\n<br \/>\nEste sitio web contiene material que nos pertenece o que nos ha sido cedido bajo licencia. Este material incluye, entre otros, el dise\u00f1o, la disposici\u00f3n, la apariencia y los gr\u00e1ficos. Queda prohibida su reproducci\u00f3n, salvo que se ajuste al aviso de derechos de autor que forma parte de estos t\u00e9rminos y condiciones.\nTodas las marcas registradas reproducidas en este sitio web, que no sean propiedad del operador ni est\u00e9n cedidas bajo licencia al mismo, se reconocen en el sitio web.\nEl uso no autorizado de este sitio web puede dar lugar a una reclamaci\u00f3n por da\u00f1os y perjuicios o constituir un delito penal.\nOcasionalmente, este sitio web tambi\u00e9n puede incluir enlaces a otros sitios web. Estos enlaces se proporcionan para su comodidad y para proporcionarle m\u00e1s informaci\u00f3n. No implican que respaldemos el\/los sitio(s) web(s). No nos responsabilizamos del contenido de los sitios web enlazados. No puede crear un enlace a este sitio web desde otro sitio web o documento sin el consentimiento previo por escrito de Eagle Creative Agency.\n\t\t\t\t<\/div>\n\t\t\t\t\t\t\t<\/div>\n\t\t<\/div>\n\n\t\t\t\t\t\t<\/div>\n\t\t\t\t<\/div>\n\t\t\t\t<\/div>\n\t\t\t\t<\/div>\n\t\t\t\t\t<\/div>\n\t\t\t\t<\/div>\n\t\t<div class=\"elementor-element elementor-element-aec2674 e-flex e-con-boxed e-con e-parent\" data-id=\"aec2674\" data-element_type=\"container\" data-e-type=\"container\" data-settings=\"{&quot;background_background&quot;:&quot;classic&quot;}\">\n\t\t\t\t\t<div class=\"e-con-inner\">\n\t\t<div class=\"elementor-element elementor-element-071ebc2 e-con-full e-flex e-con e-child\" data-id=\"071ebc2\" data-element_type=\"container\" data-e-type=\"container\" data-settings=\"{&quot;background_background&quot;:&quot;classic&quot;}\">\n\t\t<div class=\"elementor-element elementor-element-3180393 e-con-full e-flex e-con e-child\" data-id=\"3180393\" data-element_type=\"container\" data-e-type=\"container\">\n\t\t\t\t<div class=\"elementor-element elementor-element-ab10fd3 elementor-widget elementor-widget-heading\" data-id=\"ab10fd3\" data-element_type=\"widget\" data-e-type=\"widget\" data-widget_type=\"heading.default\">\n\t\t\t\t<div class=\"elementor-widget-container\">\n\t\t\t\t\t<h3 class=\"elementor-heading-title elementor-size-default\">\u00bfTe gustar\u00eda contactarnos?<\/h3>\t\t\t\t<\/div>\n\t\t\t\t<\/div>\n\t\t\t\t<div class=\"elementor-element elementor-element-31f8595 elementor-widget elementor-widget-text-editor\" data-id=\"31f8595\" data-element_type=\"widget\" data-e-type=\"widget\" data-widget_type=\"text-editor.default\">\n\t\t\t\t<div class=\"elementor-widget-container\">\n\t\t\t\t\t\t\t\t\t<p>Tenemos ganas de conocerte y conectar para potenciar tu negocio.<\/p>\t\t\t\t\t\t\t\t<\/div>\n\t\t\t\t<\/div>\n\t\t\t\t<\/div>\n\t\t<div class=\"elementor-element elementor-element-9236541 e-con-full e-flex e-con e-child\" data-id=\"9236541\" data-element_type=\"container\" data-e-type=\"container\">\n\t\t\t\t<div class=\"elementor-element elementor-element-a4949a0 elementor-align-right elementor-tablet-align-right elementor-mobile-align-left elementor-widget elementor-widget-button\" data-id=\"a4949a0\" data-element_type=\"widget\" data-e-type=\"widget\" data-widget_type=\"button.default\">\n\t\t\t\t<div class=\"elementor-widget-container\">\n\t\t\t\t\t\t\t\t\t<div class=\"elementor-button-wrapper\">\n\t\t\t\t\t<a class=\"elementor-button elementor-button-link elementor-size-sm\" href=\"http:\/\/eagle-creativeagency.com\/en\/agenda-tu-cita\/\" target=\"_blank\">\n\t\t\t\t\t\t<span class=\"elementor-button-content-wrapper\">\n\t\t\t\t\t\t\t\t\t<span class=\"elementor-button-text\">Agendar reuni\u00f3n<\/span>\n\t\t\t\t\t<\/span>\n\t\t\t\t\t<\/a>\n\t\t\t\t<\/div>\n\t\t\t\t\t\t\t\t<\/div>\n\t\t\t\t<\/div>\n\t\t\t\t<\/div>\n\t\t\t\t<\/div>\n\t\t\t\t\t<\/div>\n\t\t\t\t<\/div>\n\t\t\t\t<\/div>","protected":false},"excerpt":{"rendered":"<p>T\u00e9rminos y condiciones Bienvenido a Eagle Creative Agency. Si contin\u00faa navegando y utilizando este sitio web, acepta cumplir y estar sujeto a los siguientes t\u00e9rminos y condiciones de uso, que, junto con nuestra pol\u00edtica de privacidad, rigen la relaci\u00f3n de Eagle Creative Agency con usted en relaci\u00f3n con este sitio web. El t\u00e9rmino Eagle Creative [&hellip;]<\/p>\n","protected":false},"author":3,"featured_media":16,"parent":0,"menu_order":0,"comment_status":"closed","ping_status":"closed","template":"","meta":{"content-type":"","_monsterinsights_skip_tracking":false,"_monsterinsights_sitenote_active":false,"_monsterinsights_sitenote_note":"","_monsterinsights_sitenote_category":0,"site-sidebar-layout":"no-sidebar","site-content-layout":"page-builder","ast-site-content-layout":"full-width-container","site-content-style":"unboxed","site-sidebar-style":"unboxed","ast-global-header-display":"","ast-banner-title-visibility":"","ast-main-header-display":"","ast-hfb-above-header-display":"","ast-hfb-below-header-display":"","ast-hfb-mobile-header-display":"","site-post-title":"disabled","ast-breadcrumbs-content":"","ast-featured-img":"disabled","footer-sml-layout":"","ast-disable-related-posts":"","theme-transparent-header-meta":"enabled","adv-header-id-meta":"","stick-header-meta":"","header-above-stick-meta":"","header-main-stick-meta":"","header-below-stick-meta":"","astra-migrate-meta-layouts":"set","ast-page-background-enabled":"default","ast-page-background-meta":{"desktop":{"background-color":"","background-image":"","background-repeat":"repeat","background-position":"center center","background-size":"auto","background-attachment":"scroll","background-type":"","background-media":"","overlay-type":"","overlay-color":"","overlay-opacity":"","overlay-gradient":""},"tablet":{"background-color":"","background-image":"","background-repeat":"repeat","background-position":"center center","background-size":"auto","background-attachment":"scroll","background-type":"","background-media":"","overlay-type":"","overlay-color":"","overlay-opacity":"","overlay-gradient":""},"mobile":{"background-color":"","background-image":"","background-repeat":"repeat","background-position":"center center","background-size":"auto","background-attachment":"scroll","background-type":"","background-media":"","overlay-type":"","overlay-color":"","overlay-opacity":"","overlay-gradient":""}},"ast-content-background-meta":{"desktop":{"background-color":"var(--ast-global-color-5)","background-image":"","background-repeat":"repeat","background-position":"center center","background-size":"auto","background-attachment":"scroll","background-type":"","background-media":"","overlay-type":"","overlay-color":"","overlay-opacity":"","overlay-gradient":""},"tablet":{"background-color":"var(--ast-global-color-5)","background-image":"","background-repeat":"repeat","background-position":"center center","background-size":"auto","background-attachment":"scroll","background-type":"","background-media":"","overlay-type":"","overlay-color":"","overlay-opacity":"","overlay-gradient":""},"mobile":{"background-color":"var(--ast-global-color-5)","background-image":"","background-repeat":"repeat","background-position":"center center","background-size":"auto","background-attachment":"scroll","background-type":"","background-media":"","overlay-type":"","overlay-color":"","overlay-opacity":"","overlay-gradient":""}},"footnotes":""},"class_list":["post-75706","page","type-page","status-publish","has-post-thumbnail","hentry"],"yoast_head":"<!-- This site is optimized with the Yoast SEO plugin v27.5 - https:\/\/yoast.com\/product\/yoast-seo-wordpress\/ -->\n<title>T\u00e9rminos y condiciones - eagle Creative Agency<\/title>\n<meta name=\"robots\" content=\"index, follow, max-snippet:-1, max-image-preview:large, max-video-preview:-1\" \/>\n<link rel=\"canonical\" href=\"https:\/\/eagle-creativeagency.com\/en\/terminos-y-condiciones\/\" \/>\n<meta property=\"og:locale\" content=\"en_US\" \/>\n<meta property=\"og:type\" content=\"article\" \/>\n<meta property=\"og:title\" content=\"T\u00e9rminos y condiciones - eagle Creative Agency\" \/>\n<meta property=\"og:description\" content=\"T\u00e9rminos y condiciones Bienvenido a Eagle Creative Agency. Si contin\u00faa navegando y utilizando este sitio web, acepta cumplir y estar sujeto a los siguientes t\u00e9rminos y condiciones de uso, que, junto con nuestra pol\u00edtica de privacidad, rigen la relaci\u00f3n de Eagle Creative Agency con usted en relaci\u00f3n con este sitio web. El t\u00e9rmino Eagle Creative [&hellip;]\" \/>\n<meta property=\"og:url\" content=\"https:\/\/eagle-creativeagency.com\/en\/terminos-y-condiciones\/\" \/>\n<meta property=\"og:site_name\" content=\"eagle Creative Agency\" \/>\n<meta property=\"article:modified_time\" content=\"2025-08-22T20:29:27+00:00\" \/>\n<meta property=\"og:image\" content=\"https:\/\/eagle-creativeagency.com\/wp-content\/uploads\/2025\/07\/cropped-Mesa-de-trabajo-43@2x-8.png\" \/>\n\t<meta property=\"og:image:width\" content=\"512\" \/>\n\t<meta property=\"og:image:height\" content=\"512\" \/>\n\t<meta property=\"og:image:type\" content=\"image\/png\" \/>\n<meta name=\"twitter:card\" content=\"summary_large_image\" \/>\n<meta name=\"twitter:label1\" content=\"Est. reading time\" \/>\n\t<meta name=\"twitter:data1\" content=\"2 minutes\" \/>\n<!-- \/ Yoast SEO plugin. -->","yoast_head_json":{"title":"T\u00e9rminos y condiciones - eagle Creative Agency","robots":{"index":"index","follow":"follow","max-snippet":"max-snippet:-1","max-image-preview":"max-image-preview:large","max-video-preview":"max-video-preview:-1"},"canonical":"https:\/\/eagle-creativeagency.com\/en\/terminos-y-condiciones\/","og_locale":"en_US","og_type":"article","og_title":"T\u00e9rminos y condiciones - eagle Creative Agency","og_description":"T\u00e9rminos y condiciones Bienvenido a Eagle Creative Agency. Si contin\u00faa navegando y utilizando este sitio web, acepta cumplir y estar sujeto a los siguientes t\u00e9rminos y condiciones de uso, que, junto con nuestra pol\u00edtica de privacidad, rigen la relaci\u00f3n de Eagle Creative Agency con usted en relaci\u00f3n con este sitio web. El t\u00e9rmino Eagle Creative [&hellip;]","og_url":"https:\/\/eagle-creativeagency.com\/en\/terminos-y-condiciones\/","og_site_name":"eagle Creative Agency","article_modified_time":"2025-08-22T20:29:27+00:00","og_image":[{"width":512,"height":512,"url":"https:\/\/eagle-creativeagency.com\/wp-content\/uploads\/2025\/07\/cropped-Mesa-de-trabajo-43@2x-8.png","type":"image\/png"}],"twitter_card":"summary_large_image","twitter_misc":{"Est. reading time":"2 minutes"},"schema":{"@context":"https:\/\/schema.org","@graph":[{"@type":"WebPage","@id":"https:\/\/eagle-creativeagency.com\/terminos-y-condiciones\/","url":"https:\/\/eagle-creativeagency.com\/terminos-y-condiciones\/","name":"T\u00e9rminos y condiciones - eagle Creative Agency","isPartOf":{"@id":"https:\/\/www.eagle-creativeagency.com\/#website"},"primaryImageOfPage":{"@id":"https:\/\/eagle-creativeagency.com\/terminos-y-condiciones\/#primaryimage"},"image":{"@id":"https:\/\/eagle-creativeagency.com\/terminos-y-condiciones\/#primaryimage"},"thumbnailUrl":"https:\/\/eagle-creativeagency.com\/wp-content\/uploads\/2025\/07\/cropped-Mesa-de-trabajo-43@2x-8.png","datePublished":"2025-07-29T01:17:06+00:00","dateModified":"2025-08-22T20:29:27+00:00","breadcrumb":{"@id":"https:\/\/eagle-creativeagency.com\/terminos-y-condiciones\/#breadcrumb"},"inLanguage":"en-US","potentialAction":[{"@type":"ReadAction","target":["https:\/\/eagle-creativeagency.com\/terminos-y-condiciones\/"]}]},{"@type":"ImageObject","inLanguage":"en-US","@id":"https:\/\/eagle-creativeagency.com\/terminos-y-condiciones\/#primaryimage","url":"https:\/\/eagle-creativeagency.com\/wp-content\/uploads\/2025\/07\/cropped-Mesa-de-trabajo-43@2x-8.png","contentUrl":"https:\/\/eagle-creativeagency.com\/wp-content\/uploads\/2025\/07\/cropped-Mesa-de-trabajo-43@2x-8.png","width":512,"height":512},{"@type":"BreadcrumbList","@id":"https:\/\/eagle-creativeagency.com\/terminos-y-condiciones\/#breadcrumb","itemListElement":[{"@type":"ListItem","position":1,"name":"Portada","item":"https:\/\/eagle-creativeagency.com\/"},{"@type":"ListItem","position":2,"name":"T\u00e9rminos y condiciones"}]},{"@type":"WebSite","@id":"https:\/\/www.eagle-creativeagency.com\/#website","url":"https:\/\/www.eagle-creativeagency.com\/","name":"eagle Creative Agency","description":"","publisher":{"@id":"https:\/\/www.eagle-creativeagency.com\/#organization"},"potentialAction":[{"@type":"SearchAction","target":{"@type":"EntryPoint","urlTemplate":"https:\/\/www.eagle-creativeagency.com\/?s={search_term_string}"},"query-input":{"@type":"PropertyValueSpecification","valueRequired":true,"valueName":"search_term_string"}}],"inLanguage":"en-US"},{"@type":"Organization","@id":"https:\/\/www.eagle-creativeagency.com\/#organization","name":"eagle Creative Agency","url":"https:\/\/www.eagle-creativeagency.com\/","logo":{"@type":"ImageObject","inLanguage":"en-US","@id":"https:\/\/www.eagle-creativeagency.com\/#\/schema\/logo\/image\/","url":"https:\/\/eagle-creativeagency.com\/wp-content\/uploads\/2025\/07\/cropped-Mesa-de-trabajo-60@2x-8.png","contentUrl":"https:\/\/eagle-creativeagency.com\/wp-content\/uploads\/2025\/07\/cropped-Mesa-de-trabajo-60@2x-8.png","width":2160,"height":1080,"caption":"eagle Creative Agency"},"image":{"@id":"https:\/\/www.eagle-creativeagency.com\/#\/schema\/logo\/image\/"}}]}},"_links":{"self":[{"href":"https:\/\/eagle-creativeagency.com\/en\/wp-json\/wp\/v2\/pages\/75706","targetHints":{"allow":["GET"]}}],"collection":[{"href":"https:\/\/eagle-creativeagency.com\/en\/wp-json\/wp\/v2\/pages"}],"about":[{"href":"https:\/\/eagle-creativeagency.com\/en\/wp-json\/wp\/v2\/types\/page"}],"author":[{"embeddable":true,"href":"https:\/\/eagle-creativeagency.com\/en\/wp-json\/wp\/v2\/users\/3"}],"replies":[{"embeddable":true,"href":"https:\/\/eagle-creativeagency.com\/en\/wp-json\/wp\/v2\/comments?post=75706"}],"version-history":[{"count":7,"href":"https:\/\/eagle-creativeagency.com\/en\/wp-json\/wp\/v2\/pages\/75706\/revisions"}],"predecessor-version":[{"id":76472,"href":"https:\/\/eagle-creativeagency.com\/en\/wp-json\/wp\/v2\/pages\/75706\/revisions\/76472"}],"wp:featuredmedia":[{"embeddable":true,"href":"https:\/\/eagle-creativeagency.com\/en\/wp-json\/wp\/v2\/media\/16"}],"wp:attachment":[{"href":"https:\/\/eagle-creativeagency.com\/en\/wp-json\/wp\/v2\/media?parent=75706"}],"curies":[{"name":"wp","href":"https:\/\/api.w.org\/{rel}","templated":true}]}}