{"id":77129,"date":"2026-01-21T13:42:26","date_gmt":"2026-01-21T16:42:26","guid":{"rendered":"https:\/\/eagle-creativeagency.com\/?page_id=77129"},"modified":"2026-01-21T13:47:38","modified_gmt":"2026-01-21T16:47:38","slug":"cookie-policy","status":"publish","type":"page","link":"https:\/\/eagle-creativeagency.com\/en\/cookie-policy\/","title":{"rendered":"Cookie Policy"},"content":{"rendered":"<div data-elementor-type=\"wp-post\" data-elementor-id=\"77129\" class=\"elementor elementor-77129\">\n\t\t\t\t<div class=\"elementor-element elementor-element-9e34934 e-flex e-con-boxed elementor-invisible e-con e-parent\" data-id=\"9e34934\" data-element_type=\"container\" data-e-type=\"container\" data-settings=\"{&quot;background_background&quot;:&quot;classic&quot;,&quot;animation&quot;:&quot;fadeIn&quot;}\">\n\t\t\t\t\t<div class=\"e-con-inner\">\n\t\t<div class=\"elementor-element elementor-element-77140b5 e-con-full e-flex e-con e-child\" data-id=\"77140b5\" data-element_type=\"container\" data-e-type=\"container\">\n\t\t\t\t<div class=\"elementor-element elementor-element-5c922f6 elementor-widget elementor-widget-heading\" data-id=\"5c922f6\" data-element_type=\"widget\" data-e-type=\"widget\" data-widget_type=\"heading.default\">\n\t\t\t\t<div class=\"elementor-widget-container\">\n\t\t\t\t\t<h1 class=\"elementor-heading-title elementor-size-default\">Cookie Policy<\/h1>\t\t\t\t<\/div>\n\t\t\t\t<\/div>\n\t\t\t\t<\/div>\n\t\t\t\t\t<\/div>\n\t\t\t\t<\/div>\n\t\t<div class=\"elementor-element elementor-element-37dd287 e-flex e-con-boxed e-con e-parent\" data-id=\"37dd287\" data-element_type=\"container\" data-e-type=\"container\" data-settings=\"{&quot;background_background&quot;:&quot;classic&quot;}\">\n\t\t\t\t\t<div class=\"e-con-inner\">\n\t\t<div class=\"elementor-element elementor-element-bcd65e2 e-con-full e-flex e-con e-child\" data-id=\"bcd65e2\" data-element_type=\"container\" data-e-type=\"container\">\n\t\t<div class=\"elementor-element elementor-element-8e1af41 e-con-full e-flex e-con e-child\" data-id=\"8e1af41\" data-element_type=\"container\" data-e-type=\"container\" data-settings=\"{&quot;background_background&quot;:&quot;classic&quot;}\">\n\t\t\t\t<div class=\"elementor-element elementor-element-99c1d24 elementor-widget elementor-widget-text-editor\" data-id=\"99c1d24\" data-element_type=\"widget\" data-e-type=\"widget\" data-widget_type=\"text-editor.default\">\n\t\t\t\t<div class=\"elementor-widget-container\">\n\t\t\t\t\t\t\t\t\t<p>Esta p\u00e1gina proporciona informaci\u00f3n completa sobre c\u00f3mo utilizamos las cookies en nuestro sitio web para mejorar su experiencia de navegaci\u00f3n, optimizar el rendimiento del sitio web y ofrecer contenido personalizado. Las cookies son peque\u00f1os archivos de texto que se almacenan en su dispositivo cuando visita nuestro sitio. Nos ayudan a comprender c\u00f3mo interact\u00faan los visitantes con nuestro sitio web, lo que nos permite ofrecer una experiencia de usuario m\u00e1s fluida y eficiente. En la siguiente tabla, encontrar\u00e1 informaci\u00f3n detallada sobre cada tipo de cookie que utilizamos, su finalidad y su tiempo de permanencia en su dispositivo. Nos comprometemos a respetar su privacidad y a brindar transparencia sobre los datos que recopilamos a trav\u00e9s de las cookies. Para obtener m\u00e1s informaci\u00f3n sobre c\u00f3mo gestionamos sus datos personales, consulte nuestra <a href=\"http:\/\/eagle-creativeagency.com\/en\/politica-de-privacidad\/\">Pol\u00edtica de Privacidad.<\/a><\/p>\t\t\t\t\t\t\t\t<\/div>\n\t\t\t\t<\/div>\n\t\t\t\t<div class=\"elementor-element elementor-element-d0d3a09 elementor-widget elementor-widget-hfe-infocard\" data-id=\"d0d3a09\" data-element_type=\"widget\" data-e-type=\"widget\" data-widget_type=\"hfe-infocard.default\">\n\t\t\t\t<div class=\"elementor-widget-container\">\n\t\t\t\t\t\n\t\t<div class=\"hfe-infocard\">\n\t\t\t\t\t\t\t\t\t<div class=\"hfe-infocard-title-wrap\">\n\t\t\t\t<h4 class=\"hfe-infocard-title elementor-inline-editing\" data-elementor-setting-key=\"infocard_title\" data-elementor-inline-editing-toolbar=\"basic\" >Esenciales<\/h4>\t\t\t<\/div>\n\t\t\t\t\t\t<div class=\"hfe-infocard-text-wrap\">\n\t\t\t\t<div class=\"hfe-infocard-text elementor-inline-editing\" data-elementor-setting-key=\"infocard_description\" data-elementor-inline-editing-toolbar=\"advanced\">\n\t\t\t\t\tLas cookies esenciales habilitan funciones b\u00e1sicas y son necesarias para el correcto funcionamiento del sitio web.\t\t\t\t<\/div>\n\t\t\t\t\t\t\t<\/div>\n\t\t<\/div>\n\n\t\t\t\t\t\t<\/div>\n\t\t\t\t<\/div>\n\t\t\t\t<div class=\"elementor-element elementor-element-027d212 eael-dt-th-align-center eael-table-align-center elementor-widget elementor-widget-eael-data-table\" data-id=\"027d212\" data-element_type=\"widget\" data-e-type=\"widget\" data-widget_type=\"eael-data-table.default\">\n\t\t\t\t<div class=\"elementor-widget-container\">\n\t\t\t\t\t\t\t<div class=\"eael-data-table-wrap\" data-table_id=\"027d212\" id=\"eael-data-table-wrapper-027d212\" data-custom_responsive=\"false\">\n\t\t\t<table class=\"tablesorter eael-data-table center\" id=\"eael-data-table-027d212\">\n\t\t\t    <thead>\n\t\t\t        <tr class=\"table-header\">\n\t\t\t\t\t\t\t\t\t            <th class=\"\" id=\"\" colspan=\"\">\n\t\t\t\t\t\t\t\t\t\t\t\t\t\t<span class=\"data-table-header-text\">Cookie ID<\/span><\/th>\n\t\t\t        \t\t\t\t            <th class=\"\" id=\"\" colspan=\"\">\n\t\t\t\t\t\t\t\t\t\t\t\t\t\t<span class=\"data-table-header-text\">Obejtivo<\/span><\/th>\n\t\t\t        \t\t\t\t            <th class=\"\" id=\"\" colspan=\"\">\n\t\t\t\t\t\t\t\t\t\t\t\t\t\t<span class=\"data-table-header-text\">Duraci\u00f3n<\/span><\/th>\n\t\t\t        \t\t\t\t        <\/tr>\n\t\t\t    <\/thead>\n\t\t\t  \t<tbody>\n\t\t\t\t\t\t\t\t\t\t\t<tr>\n\t\t\t\t\t\t\t\t\t\t\t\t\t\t\t\t   \t\t\t\t\t\t\t\t\t\t\t<td colspan=\"\" rowspan=\"\" class=\"\" id=\"\">\n\t\t\t\t\t\t\t\t\t\t\t\t<div class=\"td-content-wrapper\"><div class=\"td-content\">\n\t\t\t\t\t\t\t\t\t\t\t\t\t<p>wpconsent_preferencias<\/p>\t\t\t\t\t\t\t\t\t\t\t\t<\/div><\/div>\n\t\t\t\t\t\t\t\t\t\t\t<\/td>\n\t\t\t\t\t\t\t\t\t\t\t\t\t\t\t\t\t\t\t\t\t\t\t\t\t\t\t\t\t   \t\t\t\t\t\t\t\t\t\t\t<td colspan=\"\" rowspan=\"\" class=\"\" id=\"\">\n\t\t\t\t\t\t\t\t\t\t\t\t<div class=\"td-content-wrapper\"><div class=\"td-content\">\n\t\t\t\t\t\t\t\t\t\t\t\t\t<p style=\"text-align: left\">Esta cookie se utiliza para almacenar las preferencias de consentimiento de cookies del usuario<\/p>\t\t\t\t\t\t\t\t\t\t\t\t<\/div><\/div>\n\t\t\t\t\t\t\t\t\t\t\t<\/td>\n\t\t\t\t\t\t\t\t\t\t\t\t\t\t\t\t\t\t\t\t\t\t\t\t\t\t\t\t\t   \t\t\t\t\t\t\t\t\t\t\t<td colspan=\"\" rowspan=\"\" class=\"\" id=\"\">\n\t\t\t\t\t\t\t\t\t\t\t\t<div class=\"td-content-wrapper\"><div class=\"td-content\">\n\t\t\t\t\t\t\t\t\t\t\t\t\t<p>30 d\u00edas<\/p>\t\t\t\t\t\t\t\t\t\t\t\t<\/div><\/div>\n\t\t\t\t\t\t\t\t\t\t\t<\/td>\n\t\t\t\t\t\t\t\t\t\t\t\t\t\t\t\t\t\t\t\t\t\t\t\t\t\t<\/tr>\n\t\t\t        \t\t\t    <\/tbody>\n\t\t\t<\/table>\n\t\t<\/div>\n\t  \t\t\t\t\t<\/div>\n\t\t\t\t<\/div>\n\t\t\t\t<\/div>\n\t\t\t\t<\/div>\n\t\t\t\t\t<\/div>\n\t\t\t\t<\/div>\n\t\t<div class=\"elementor-element elementor-element-aec2674 e-flex e-con-boxed e-con e-parent\" data-id=\"aec2674\" data-element_type=\"container\" data-e-type=\"container\" data-settings=\"{&quot;background_background&quot;:&quot;classic&quot;}\">\n\t\t\t\t\t<div class=\"e-con-inner\">\n\t\t<div class=\"elementor-element elementor-element-071ebc2 e-con-full e-flex e-con e-child\" data-id=\"071ebc2\" data-element_type=\"container\" data-e-type=\"container\" data-settings=\"{&quot;background_background&quot;:&quot;classic&quot;}\">\n\t\t<div class=\"elementor-element elementor-element-3180393 e-con-full e-flex e-con e-child\" data-id=\"3180393\" data-element_type=\"container\" data-e-type=\"container\">\n\t\t\t\t<div class=\"elementor-element elementor-element-ab10fd3 elementor-widget elementor-widget-heading\" data-id=\"ab10fd3\" data-element_type=\"widget\" data-e-type=\"widget\" data-widget_type=\"heading.default\">\n\t\t\t\t<div class=\"elementor-widget-container\">\n\t\t\t\t\t<h3 class=\"elementor-heading-title elementor-size-default\">\u00bfTe gustar\u00eda contactarnos?<\/h3>\t\t\t\t<\/div>\n\t\t\t\t<\/div>\n\t\t\t\t<div class=\"elementor-element elementor-element-31f8595 elementor-widget elementor-widget-text-editor\" data-id=\"31f8595\" data-element_type=\"widget\" data-e-type=\"widget\" data-widget_type=\"text-editor.default\">\n\t\t\t\t<div class=\"elementor-widget-container\">\n\t\t\t\t\t\t\t\t\t<p>Tenemos ganas de conocerte y conectar para potenciar tu negocio.<\/p>\t\t\t\t\t\t\t\t<\/div>\n\t\t\t\t<\/div>\n\t\t\t\t<\/div>\n\t\t<div class=\"elementor-element elementor-element-9236541 e-con-full e-flex e-con e-child\" data-id=\"9236541\" data-element_type=\"container\" data-e-type=\"container\">\n\t\t\t\t<div class=\"elementor-element elementor-element-a4949a0 elementor-align-right elementor-tablet-align-right elementor-mobile-align-left elementor-widget elementor-widget-button\" data-id=\"a4949a0\" data-element_type=\"widget\" data-e-type=\"widget\" data-widget_type=\"button.default\">\n\t\t\t\t<div class=\"elementor-widget-container\">\n\t\t\t\t\t\t\t\t\t<div class=\"elementor-button-wrapper\">\n\t\t\t\t\t<a class=\"elementor-button elementor-button-link elementor-size-sm\" href=\"#\">\n\t\t\t\t\t\t<span class=\"elementor-button-content-wrapper\">\n\t\t\t\t\t\t\t\t\t<span class=\"elementor-button-text\">Agendar reuni\u00f3n<\/span>\n\t\t\t\t\t<\/span>\n\t\t\t\t\t<\/a>\n\t\t\t\t<\/div>\n\t\t\t\t\t\t\t\t<\/div>\n\t\t\t\t<\/div>\n\t\t\t\t<\/div>\n\t\t\t\t<\/div>\n\t\t\t\t\t<\/div>\n\t\t\t\t<\/div>\n\t\t\t\t<\/div>","protected":false},"excerpt":{"rendered":"<p>Cookie Policy Esta p\u00e1gina proporciona informaci\u00f3n completa sobre c\u00f3mo utilizamos las cookies en nuestro sitio web para mejorar su experiencia de navegaci\u00f3n, optimizar el rendimiento del sitio web y ofrecer contenido personalizado. Las cookies son peque\u00f1os archivos de texto que se almacenan en su dispositivo cuando visita nuestro sitio. Nos ayudan a comprender c\u00f3mo interact\u00faan [&hellip;]<\/p>\n","protected":false},"author":5,"featured_media":16,"parent":0,"menu_order":0,"comment_status":"closed","ping_status":"closed","template":"","meta":{"content-type":"","_monsterinsights_skip_tracking":false,"_monsterinsights_sitenote_active":false,"_monsterinsights_sitenote_note":"","_monsterinsights_sitenote_category":0,"site-sidebar-layout":"no-sidebar","site-content-layout":"page-builder","ast-site-content-layout":"full-width-container","site-content-style":"unboxed","site-sidebar-style":"unboxed","ast-global-header-display":"","ast-banner-title-visibility":"","ast-main-header-display":"","ast-hfb-above-header-display":"","ast-hfb-below-header-display":"","ast-hfb-mobile-header-display":"","site-post-title":"disabled","ast-breadcrumbs-content":"","ast-featured-img":"disabled","footer-sml-layout":"","ast-disable-related-posts":"","theme-transparent-header-meta":"enabled","adv-header-id-meta":"","stick-header-meta":"","header-above-stick-meta":"","header-main-stick-meta":"","header-below-stick-meta":"","astra-migrate-meta-layouts":"set","ast-page-background-enabled":"default","ast-page-background-meta":{"desktop":{"background-color":"","background-image":"","background-repeat":"repeat","background-position":"center center","background-size":"auto","background-attachment":"scroll","background-type":"","background-media":"","overlay-type":"","overlay-color":"","overlay-opacity":"","overlay-gradient":""},"tablet":{"background-color":"","background-image":"","background-repeat":"repeat","background-position":"center center","background-size":"auto","background-attachment":"scroll","background-type":"","background-media":"","overlay-type":"","overlay-color":"","overlay-opacity":"","overlay-gradient":""},"mobile":{"background-color":"","background-image":"","background-repeat":"repeat","background-position":"center center","background-size":"auto","background-attachment":"scroll","background-type":"","background-media":"","overlay-type":"","overlay-color":"","overlay-opacity":"","overlay-gradient":""}},"ast-content-background-meta":{"desktop":{"background-color":"var(--ast-global-color-5)","background-image":"","background-repeat":"repeat","background-position":"center center","background-size":"auto","background-attachment":"scroll","background-type":"","background-media":"","overlay-type":"","overlay-color":"","overlay-opacity":"","overlay-gradient":""},"tablet":{"background-color":"var(--ast-global-color-5)","background-image":"","background-repeat":"repeat","background-position":"center center","background-size":"auto","background-attachment":"scroll","background-type":"","background-media":"","overlay-type":"","overlay-color":"","overlay-opacity":"","overlay-gradient":""},"mobile":{"background-color":"var(--ast-global-color-5)","background-image":"","background-repeat":"repeat","background-position":"center center","background-size":"auto","background-attachment":"scroll","background-type":"","background-media":"","overlay-type":"","overlay-color":"","overlay-opacity":"","overlay-gradient":""}},"footnotes":""},"class_list":["post-77129","page","type-page","status-publish","has-post-thumbnail","hentry"],"yoast_head":"<!-- This site is optimized with the Yoast SEO plugin v27.5 - https:\/\/yoast.com\/product\/yoast-seo-wordpress\/ -->\n<title>Cookie Policy - eagle Creative Agency<\/title>\n<meta name=\"robots\" content=\"index, follow, max-snippet:-1, max-image-preview:large, max-video-preview:-1\" \/>\n<link rel=\"canonical\" href=\"https:\/\/www.eagle-creativeagency.com\/cookie-policy\/\" \/>\n<meta property=\"og:locale\" content=\"en_US\" \/>\n<meta property=\"og:type\" content=\"article\" \/>\n<meta property=\"og:title\" content=\"Cookie Policy - eagle Creative Agency\" \/>\n<meta property=\"og:description\" content=\"Cookie Policy Esta p\u00e1gina proporciona informaci\u00f3n completa sobre c\u00f3mo utilizamos las cookies en nuestro sitio web para mejorar su experiencia de navegaci\u00f3n, optimizar el rendimiento del sitio web y ofrecer contenido personalizado. Las cookies son peque\u00f1os archivos de texto que se almacenan en su dispositivo cuando visita nuestro sitio. Nos ayudan a comprender c\u00f3mo interact\u00faan [&hellip;]\" \/>\n<meta property=\"og:url\" content=\"https:\/\/www.eagle-creativeagency.com\/cookie-policy\/\" \/>\n<meta property=\"og:site_name\" content=\"eagle Creative Agency\" \/>\n<meta property=\"article:modified_time\" content=\"2026-01-21T16:47:38+00:00\" \/>\n<meta property=\"og:image\" content=\"https:\/\/www.eagle-creativeagency.com\/wp-content\/uploads\/2025\/07\/cropped-Mesa-de-trabajo-43@2x-8.png\" \/>\n\t<meta property=\"og:image:width\" content=\"512\" \/>\n\t<meta property=\"og:image:height\" content=\"512\" \/>\n\t<meta property=\"og:image:type\" content=\"image\/png\" \/>\n<meta name=\"twitter:card\" content=\"summary_large_image\" \/>\n<meta name=\"twitter:label1\" content=\"Est. reading time\" \/>\n\t<meta name=\"twitter:data1\" content=\"1 minute\" \/>\n<!-- \/ Yoast SEO plugin. -->","yoast_head_json":{"title":"Cookie Policy - eagle Creative Agency","robots":{"index":"index","follow":"follow","max-snippet":"max-snippet:-1","max-image-preview":"max-image-preview:large","max-video-preview":"max-video-preview:-1"},"canonical":"https:\/\/www.eagle-creativeagency.com\/cookie-policy\/","og_locale":"en_US","og_type":"article","og_title":"Cookie Policy - eagle Creative Agency","og_description":"Cookie Policy Esta p\u00e1gina proporciona informaci\u00f3n completa sobre c\u00f3mo utilizamos las cookies en nuestro sitio web para mejorar su experiencia de navegaci\u00f3n, optimizar el rendimiento del sitio web y ofrecer contenido personalizado. Las cookies son peque\u00f1os archivos de texto que se almacenan en su dispositivo cuando visita nuestro sitio. Nos ayudan a comprender c\u00f3mo interact\u00faan [&hellip;]","og_url":"https:\/\/www.eagle-creativeagency.com\/cookie-policy\/","og_site_name":"eagle Creative Agency","article_modified_time":"2026-01-21T16:47:38+00:00","og_image":[{"width":512,"height":512,"url":"https:\/\/www.eagle-creativeagency.com\/wp-content\/uploads\/2025\/07\/cropped-Mesa-de-trabajo-43@2x-8.png","type":"image\/png"}],"twitter_card":"summary_large_image","twitter_misc":{"Est. reading time":"1 minute"},"schema":{"@context":"https:\/\/schema.org","@graph":[{"@type":"WebPage","@id":"https:\/\/www.eagle-creativeagency.com\/cookie-policy\/","url":"https:\/\/www.eagle-creativeagency.com\/cookie-policy\/","name":"Cookie Policy - eagle Creative Agency","isPartOf":{"@id":"https:\/\/www.eagle-creativeagency.com\/#website"},"primaryImageOfPage":{"@id":"https:\/\/www.eagle-creativeagency.com\/cookie-policy\/#primaryimage"},"image":{"@id":"https:\/\/www.eagle-creativeagency.com\/cookie-policy\/#primaryimage"},"thumbnailUrl":"https:\/\/eagle-creativeagency.com\/wp-content\/uploads\/2025\/07\/cropped-Mesa-de-trabajo-43@2x-8.png","datePublished":"2026-01-21T16:42:26+00:00","dateModified":"2026-01-21T16:47:38+00:00","breadcrumb":{"@id":"https:\/\/www.eagle-creativeagency.com\/cookie-policy\/#breadcrumb"},"inLanguage":"en-US","potentialAction":[{"@type":"ReadAction","target":["https:\/\/www.eagle-creativeagency.com\/cookie-policy\/"]}]},{"@type":"ImageObject","inLanguage":"en-US","@id":"https:\/\/www.eagle-creativeagency.com\/cookie-policy\/#primaryimage","url":"https:\/\/eagle-creativeagency.com\/wp-content\/uploads\/2025\/07\/cropped-Mesa-de-trabajo-43@2x-8.png","contentUrl":"https:\/\/eagle-creativeagency.com\/wp-content\/uploads\/2025\/07\/cropped-Mesa-de-trabajo-43@2x-8.png","width":512,"height":512},{"@type":"BreadcrumbList","@id":"https:\/\/www.eagle-creativeagency.com\/cookie-policy\/#breadcrumb","itemListElement":[{"@type":"ListItem","position":1,"name":"Portada","item":"https:\/\/eagle-creativeagency.com\/"},{"@type":"ListItem","position":2,"name":"Cookie Policy"}]},{"@type":"WebSite","@id":"https:\/\/www.eagle-creativeagency.com\/#website","url":"https:\/\/www.eagle-creativeagency.com\/","name":"eagle Creative Agency","description":"","publisher":{"@id":"https:\/\/www.eagle-creativeagency.com\/#organization"},"potentialAction":[{"@type":"SearchAction","target":{"@type":"EntryPoint","urlTemplate":"https:\/\/www.eagle-creativeagency.com\/?s={search_term_string}"},"query-input":{"@type":"PropertyValueSpecification","valueRequired":true,"valueName":"search_term_string"}}],"inLanguage":"en-US"},{"@type":"Organization","@id":"https:\/\/www.eagle-creativeagency.com\/#organization","name":"eagle Creative Agency","url":"https:\/\/www.eagle-creativeagency.com\/","logo":{"@type":"ImageObject","inLanguage":"en-US","@id":"https:\/\/www.eagle-creativeagency.com\/#\/schema\/logo\/image\/","url":"https:\/\/eagle-creativeagency.com\/wp-content\/uploads\/2025\/07\/cropped-Mesa-de-trabajo-60@2x-8.png","contentUrl":"https:\/\/eagle-creativeagency.com\/wp-content\/uploads\/2025\/07\/cropped-Mesa-de-trabajo-60@2x-8.png","width":2160,"height":1080,"caption":"eagle Creative Agency"},"image":{"@id":"https:\/\/www.eagle-creativeagency.com\/#\/schema\/logo\/image\/"}}]}},"_links":{"self":[{"href":"https:\/\/eagle-creativeagency.com\/en\/wp-json\/wp\/v2\/pages\/77129","targetHints":{"allow":["GET"]}}],"collection":[{"href":"https:\/\/eagle-creativeagency.com\/en\/wp-json\/wp\/v2\/pages"}],"about":[{"href":"https:\/\/eagle-creativeagency.com\/en\/wp-json\/wp\/v2\/types\/page"}],"author":[{"embeddable":true,"href":"https:\/\/eagle-creativeagency.com\/en\/wp-json\/wp\/v2\/users\/5"}],"replies":[{"embeddable":true,"href":"https:\/\/eagle-creativeagency.com\/en\/wp-json\/wp\/v2\/comments?post=77129"}],"version-history":[{"count":8,"href":"https:\/\/eagle-creativeagency.com\/en\/wp-json\/wp\/v2\/pages\/77129\/revisions"}],"predecessor-version":[{"id":77138,"href":"https:\/\/eagle-creativeagency.com\/en\/wp-json\/wp\/v2\/pages\/77129\/revisions\/77138"}],"wp:featuredmedia":[{"embeddable":true,"href":"https:\/\/eagle-creativeagency.com\/en\/wp-json\/wp\/v2\/media\/16"}],"wp:attachment":[{"href":"https:\/\/eagle-creativeagency.com\/en\/wp-json\/wp\/v2\/media?parent=77129"}],"curies":[{"name":"wp","href":"https:\/\/api.w.org\/{rel}","templated":true}]}}